{"id":10397,"date":"2025-06-18T13:54:18","date_gmt":"2025-06-18T13:54:18","guid":{"rendered":"https:\/\/memogulet.com\/?page_id=10397"},"modified":"2025-06-18T14:44:51","modified_gmt":"2025-06-18T14:44:51","slug":"hisaronu-korfezi","status":"publish","type":"page","link":"https:\/\/memogulet.com\/tr\/hisaronu-korfezi\/","title":{"rendered":"Hisar\u00f6n\u00fc K\u00f6rfezi"},"content":{"rendered":"<div class=\"wpb-content-wrapper\"><div class=\"vc_row wpb_row vc_row-fluid\"><div class=\"wpb_column vc_column_container vc_col-sm-12\"><div class=\"vc_column-inner\"><div class=\"wpb_wrapper\">\n\t<div class=\"wpb_text_column wpb_content_element\" >\n\t\t<div class=\"wpb_wrapper\">\n\t\t\t<p>1. G\u00fcn: Marmaris ve Kumlub\u00fck\u2019e Yelken A\u00e7\u0131\u015f<\/p>\n<p>Yata bindi\u011finizde temsilcimiz sizi kar\u015f\u0131layacak ve Blue Cruise detaylar\u0131n\u0131z\u0131 payla\u015facakt\u0131r. Yerle\u015fir yerle\u015fmez Kumlub\u00fck Koyu\u2019na do\u011fru yelken a\u00e7acaks\u0131n\u0131z. Geceleme Kumlub\u00fck Koyu\u2019nda olacakt\u0131r.<\/p>\n<ul class=\"wp-block-list\">\n<li style=\"list-style-type: none;\">\n<ul class=\"wp-block-list\">\n<li>Bini\u015f Saati: 16:00<\/li>\n<li>Albatros Marina \u2013 Kumlub\u00fck Mesafesi: 6 deniz mili (nm)<\/li>\n<li>Tahmini Seyahat S\u00fcresi: 45 dakika<\/li>\n<\/ul>\n<\/li>\n<\/ul>\n<p>&nbsp;<\/p>\n<p>2. G\u00fcn: Kumlub\u00fck Koyu\u2019ndan Arap Adas\u0131\u2019na; Bozukkale\u2019de geceleme.<\/p>\n<p>Ege\u2019nin g\u00fcne\u015fli ve parlak bir sabah\u0131nda uyand\u0131\u011f\u0131n\u0131zda, ekibimiz \u00e7oktan Arap Adas\u0131\u2019na do\u011fru yelken a\u00e7m\u0131\u015f olacak ve kahvalt\u0131n\u0131z burada servis edilecek. Arap Adas\u0131 ve \u00e7evresi b\u00fcy\u00fcleyici manzaralar sunar. Bir sonraki durak ise g\u00fcn\u00fcn geri kalan\u0131n\u0131 ve geceyi ge\u00e7irece\u011finiz Bozukkale olacak. Eski zamanlarda bir\u00e7ok antik donanma gemisinin liman\u0131 olan Bozukkale, d\u00fcnya \u00e7ap\u0131ndaki denizciler i\u00e7in \u00e7ok pop\u00fcler bir koydur.<\/p>\n<p>3. G\u00fcn: Bozukkale\u2019den O\u011flanbo\u011fuldu Koyu\u2019na; S\u00f6\u011f\u00fct K\u00f6y\u00fc\u2019nde geceleme.<\/p>\n<p>4. G\u00fcn: S\u00f6\u011f\u00fct K\u00f6y\u00fc\u2019nden Zeytin Adas\u0131\u2019na, Ada Bo\u011faz\u0131 Koyu\u2019nu ziyaret; Dirsekb\u00fck\u00fc\u2019nde geceleme.<\/p>\n<p>5. G\u00fcn: Dirsekb\u00fck\u00fc\u2019nden Hurmal\u0131 Koyu\u2019na, Dimitri Koyu\u2019nu ziyaret; Bencik\u2019te geceleme.<\/p>\n<p>6. G\u00fcn: Bencik\u2019ten \u0130nb\u00fck\u00fc Koyu\u2019na, Selimiye K\u00f6y\u00fc ve Kameriye Adas\u0131\u2019n\u0131 ziyaret; Kocabah\u00e7e Koyu\u2019nda geceleme.<\/p>\n<p>7. G\u00fcn: Ser\u00e7e Liman\u0131\u2019na yelken a\u00e7\u0131\u015f; \u00c7iftlik\u2019te geceleme.<\/p>\n<p>8. G\u00fcn: Marmaris\u2019e d\u00f6n\u00fc\u015f yolunda kahvalt\u0131.<\/p>\n<p>&nbsp;<\/p>\n\n\t\t<\/div>\n\t<\/div>\n<\/div><\/div><\/div><\/div><div class=\"vc_row wpb_row vc_row-fluid vc_custom_1750257293428 vc_row-has-fill wd-rs-6852ce84e4a06\"><div class=\"wpb_column vc_column_container vc_col-sm-10 vc_col-lg-offset-3 vc_col-lg-6 vc_col-md-offset-2 vc_col-md-8 vc_col-sm-offset-1 vc_col-xs-offset-1 vc_col-xs-10 vc_col-has-fill wd-rs-611a2bed5cb1a\"><div class=\"vc_column-inner vc_custom_1629105135490\"><div class=\"wpb_wrapper\">\t\t\t<div class=\"info-box-wrapper\">\n\t\t\t\t<div id=\"wd-6852cea8b65ed\" class=\"wd-rs-6852cea8b65ed wd-info-box wd-wpb text-center box-icon-align-top box-style- color-scheme- wd-bg-none with-btn box-btn-static vc_custom_1750257355017\">\n\t\t\t\t\t\t\t\t\t\t<div class=\"info-box-content\">\n\t\t\t\t\t\t<h4 class=\"info-box-title title box-title-style-default font-primary wd-fontsize-m\">Rezervasyon Yap\u0131n<\/h4>\t\t\t\t\t\t<div class=\"info-box-inner reset-last-child\"><\/p>\n<p>M\/S MEMO\u2019da \u00f6zel yolculu\u011funuzu g\u00fcvence alt\u0131na al\u0131n ve Ege\u2019nin keyfini zarafetle ya\u015fay\u0131n.<\/p>\n<p>\n<\/div>\n\n\t\t\t\t\t\t<div class=\"info-btn-wrapper\"><div id=\"wd-69e4bbc24e114\" class=\"wd-button-wrapper text-center\"><a href=\"https:\/\/memogulet.com\/tr\/#booknow\" title=\"\" class=\"btn btn-color-primary btn-style-default btn-shape-round btn-size-default\">Rezervasyon Talebi Olu\u015fturun<\/a><\/div><\/div>\t\t\t\t\t<\/div>\n\n\t\t\t\t\t\n\t\t\t\t\t<style><\/style>\t\t\t\t<\/div>\n\t\t\t<\/div>\n\t\t<\/div><\/div><\/div><\/div><\/div>","protected":false},"excerpt":{"rendered":"1.Day : Marmaris And Sailing to Kumlub\u00fck Bey Upon boarding the yacht \u00a0our representative will greet you and go through","protected":false},"author":1,"featured_media":0,"parent":0,"menu_order":0,"comment_status":"closed","ping_status":"closed","template":"","meta":{"footnotes":""},"class_list":["post-10397","page","type-page","status-publish","hentry"],"_links":{"self":[{"href":"https:\/\/memogulet.com\/tr\/wp-json\/wp\/v2\/pages\/10397","targetHints":{"allow":["GET"]}}],"collection":[{"href":"https:\/\/memogulet.com\/tr\/wp-json\/wp\/v2\/pages"}],"about":[{"href":"https:\/\/memogulet.com\/tr\/wp-json\/wp\/v2\/types\/page"}],"author":[{"embeddable":true,"href":"https:\/\/memogulet.com\/tr\/wp-json\/wp\/v2\/users\/1"}],"replies":[{"embeddable":true,"href":"https:\/\/memogulet.com\/tr\/wp-json\/wp\/v2\/comments?post=10397"}],"version-history":[{"count":6,"href":"https:\/\/memogulet.com\/tr\/wp-json\/wp\/v2\/pages\/10397\/revisions"}],"predecessor-version":[{"id":10415,"href":"https:\/\/memogulet.com\/tr\/wp-json\/wp\/v2\/pages\/10397\/revisions\/10415"}],"wp:attachment":[{"href":"https:\/\/memogulet.com\/tr\/wp-json\/wp\/v2\/media?parent=10397"}],"curies":[{"name":"wp","href":"https:\/\/api.w.org\/{rel}","templated":true}]}}